

{"id":33476,"date":"2024-09-25T16:51:06","date_gmt":"2024-09-25T14:51:06","guid":{"rendered":"https:\/\/www.antlerarms.com\/?post_type=product&#038;p=33476"},"modified":"2024-09-26T00:07:21","modified_gmt":"2024-09-25T22:07:21","slug":"pelican-gun-case-v770","status":"publish","type":"product","link":"https:\/\/www.antlerarms.com\/en\/produit\/pelican-gun-case-v770\/","title":{"rendered":"Pelican Gun Case V770"},"content":{"rendered":"<p><strong>The new Vault series gun cases are designed to withstand heavy use, strong impact, and extreme weather conditions, making them the toughest and most secure in their category. <\/strong><\/p>\n<p><strong>Providing a range of high-quality protective features at a reasonable cost.<\/strong><\/p>\n<p><strong>SPECS<\/strong><\/p>\n<ul>\n<li>The best choice for scoped rifles, whether they are carbine-sized or full-length magnums.<\/li>\n<li>\n<p data-pm-slice=\"1 1 []\">High-impact polymer assures protection of your firearm, via road, trail or air<\/p>\n<\/li>\n<li>\n<p data-pm-slice=\"1 1 []\">Crushproof, dustproof, and weather-resistant<\/p>\n<\/li>\n<li>\n<p data-pm-slice=\"1 1 []\">Heavy duty handles are ergonomic and will stand up in even the toughest conditions<\/p>\n<\/li>\n<li>\n<p data-pm-slice=\"1 1 []\">Four layers of protective foam<\/p>\n<\/li>\n<li>\n<p data-pm-slice=\"1 1 []\">Four push button latches offer secure closure with easy-open access<\/p>\n<\/li>\n<\/ul>\n<p>&nbsp;<\/p>\n<p>&nbsp;<\/p>\n<p>&nbsp;<\/p>\n<p>&nbsp;<\/p>\n","protected":false},"excerpt":{"rendered":"<p>The new Vault series gun cases are designed to withstand heavy use, strong impact, and extreme weather conditions, making them the toughest and most secure in their category. Providing a range of high-quality protective features at a reasonable cost. SPECS The best choice for scoped rifles, whether they are carbine-sized or full-length magnums. High-impact polymer [&hellip;]<\/p>\n","protected":false},"featured_media":33483,"comment_status":"open","ping_status":"closed","template":"","meta":[],"product_cat":[59],"product_tag":[],"yoast_head":"<!-- This site is optimized with the Yoast SEO plugin v18.2 - https:\/\/yoast.com\/wordpress\/plugins\/seo\/ -->\n<meta name=\"description\" content=\"Les valises de transport de la s\u00e9rie Vault se distinguent par leur robustesse et leur s\u00e9curit\u00e9 sans faille.\" \/>\n<meta name=\"robots\" content=\"index, follow, max-snippet:-1, max-image-preview:large, max-video-preview:-1\" \/>\n<link rel=\"canonical\" href=\"https:\/\/www.antlerarms.com\/en\/produit\/pelican-gun-case-v770\/\" \/>\n<meta property=\"og:locale\" content=\"en_US\" \/>\n<meta property=\"og:type\" content=\"article\" \/>\n<meta property=\"og:title\" content=\"Pelican Gun Case V770 - AntlerArms\" \/>\n<meta property=\"og:description\" content=\"Les valises de transport de la s\u00e9rie Vault se distinguent par leur robustesse et leur s\u00e9curit\u00e9 sans faille.\" \/>\n<meta property=\"og:url\" content=\"https:\/\/www.antlerarms.com\/en\/produit\/pelican-gun-case-v770\/\" \/>\n<meta property=\"og:site_name\" content=\"AntlerArms\" \/>\n<meta property=\"article:modified_time\" content=\"2024-09-25T22:07:21+00:00\" \/>\n<meta property=\"og:image\" content=\"https:\/\/www.antlerarms.com\/wp-content\/uploads\/2024\/09\/IMG_1571-scaled.jpg\" \/>\n\t<meta property=\"og:image:width\" content=\"1920\" \/>\n\t<meta property=\"og:image:height\" content=\"2560\" \/>\n\t<meta property=\"og:image:type\" content=\"image\/jpeg\" \/>\n<meta name=\"twitter:card\" content=\"summary\" \/>\n<meta name=\"twitter:label1\" content=\"Est. reading time\" \/>\n\t<meta name=\"twitter:data1\" content=\"1 minute\" \/>\n<script type=\"application\/ld+json\" class=\"yoast-schema-graph\">{\"@context\":\"https:\/\/schema.org\",\"@graph\":[{\"@type\":\"WebSite\",\"@id\":\"https:\/\/www.antlerarms.com\/#website\",\"url\":\"https:\/\/www.antlerarms.com\/\",\"name\":\"AntlerArms\",\"description\":\"\",\"potentialAction\":[{\"@type\":\"SearchAction\",\"target\":{\"@type\":\"EntryPoint\",\"urlTemplate\":\"https:\/\/www.antlerarms.com\/?s={search_term_string}\"},\"query-input\":\"required name=search_term_string\"}],\"inLanguage\":\"en-US\"},{\"@type\":\"ImageObject\",\"@id\":\"https:\/\/www.antlerarms.com\/en\/produit\/pelican-gun-case-v770\/#primaryimage\",\"inLanguage\":\"en-US\",\"url\":\"https:\/\/www.antlerarms.com\/wp-content\/uploads\/2024\/09\/IMG_1571-scaled.jpg\",\"contentUrl\":\"https:\/\/www.antlerarms.com\/wp-content\/uploads\/2024\/09\/IMG_1571-scaled.jpg\",\"width\":1920,\"height\":2560},{\"@type\":\"WebPage\",\"@id\":\"https:\/\/www.antlerarms.com\/en\/produit\/pelican-gun-case-v770\/#webpage\",\"url\":\"https:\/\/www.antlerarms.com\/en\/produit\/pelican-gun-case-v770\/\",\"name\":\"Pelican Gun Case V770 - AntlerArms\",\"isPartOf\":{\"@id\":\"https:\/\/www.antlerarms.com\/#website\"},\"primaryImageOfPage\":{\"@id\":\"https:\/\/www.antlerarms.com\/en\/produit\/pelican-gun-case-v770\/#primaryimage\"},\"datePublished\":\"2024-09-25T14:51:06+00:00\",\"dateModified\":\"2024-09-25T22:07:21+00:00\",\"description\":\"Les valises de transport de la s\u00e9rie Vault se distinguent par leur robustesse et leur s\u00e9curit\u00e9 sans faille.\",\"breadcrumb\":{\"@id\":\"https:\/\/www.antlerarms.com\/en\/produit\/pelican-gun-case-v770\/#breadcrumb\"},\"inLanguage\":\"en-US\",\"potentialAction\":[{\"@type\":\"ReadAction\",\"target\":[\"https:\/\/www.antlerarms.com\/en\/produit\/pelican-gun-case-v770\/\"]}]},{\"@type\":\"BreadcrumbList\",\"@id\":\"https:\/\/www.antlerarms.com\/en\/produit\/pelican-gun-case-v770\/#breadcrumb\",\"itemListElement\":[{\"@type\":\"ListItem\",\"position\":1,\"name\":\"Shop\",\"item\":\"https:\/\/www.antlerarms.com\/en\/shop\/\"},{\"@type\":\"ListItem\",\"position\":2,\"name\":\"Pelican Gun Case V770\"}]}]}<\/script>\n<!-- \/ Yoast SEO plugin. -->","yoast_head_json":{"description":"Les valises de transport de la s\u00e9rie Vault se distinguent par leur robustesse et leur s\u00e9curit\u00e9 sans faille.","robots":{"index":"index","follow":"follow","max-snippet":"max-snippet:-1","max-image-preview":"max-image-preview:large","max-video-preview":"max-video-preview:-1"},"canonical":"https:\/\/www.antlerarms.com\/en\/produit\/pelican-gun-case-v770\/","og_locale":"en_US","og_type":"article","og_title":"Pelican Gun Case V770 - AntlerArms","og_description":"Les valises de transport de la s\u00e9rie Vault se distinguent par leur robustesse et leur s\u00e9curit\u00e9 sans faille.","og_url":"https:\/\/www.antlerarms.com\/en\/produit\/pelican-gun-case-v770\/","og_site_name":"AntlerArms","article_modified_time":"2024-09-25T22:07:21+00:00","og_image":[{"width":1920,"height":2560,"url":"https:\/\/www.antlerarms.com\/wp-content\/uploads\/2024\/09\/IMG_1571-scaled.jpg","type":"image\/jpeg"}],"twitter_card":"summary","twitter_misc":{"Est. reading time":"1 minute"},"schema":{"@context":"https:\/\/schema.org","@graph":[{"@type":"WebSite","@id":"https:\/\/www.antlerarms.com\/#website","url":"https:\/\/www.antlerarms.com\/","name":"AntlerArms","description":"","potentialAction":[{"@type":"SearchAction","target":{"@type":"EntryPoint","urlTemplate":"https:\/\/www.antlerarms.com\/?s={search_term_string}"},"query-input":"required name=search_term_string"}],"inLanguage":"en-US"},{"@type":"ImageObject","@id":"https:\/\/www.antlerarms.com\/en\/produit\/pelican-gun-case-v770\/#primaryimage","inLanguage":"en-US","url":"https:\/\/www.antlerarms.com\/wp-content\/uploads\/2024\/09\/IMG_1571-scaled.jpg","contentUrl":"https:\/\/www.antlerarms.com\/wp-content\/uploads\/2024\/09\/IMG_1571-scaled.jpg","width":1920,"height":2560},{"@type":"WebPage","@id":"https:\/\/www.antlerarms.com\/en\/produit\/pelican-gun-case-v770\/#webpage","url":"https:\/\/www.antlerarms.com\/en\/produit\/pelican-gun-case-v770\/","name":"Pelican Gun Case V770 - AntlerArms","isPartOf":{"@id":"https:\/\/www.antlerarms.com\/#website"},"primaryImageOfPage":{"@id":"https:\/\/www.antlerarms.com\/en\/produit\/pelican-gun-case-v770\/#primaryimage"},"datePublished":"2024-09-25T14:51:06+00:00","dateModified":"2024-09-25T22:07:21+00:00","description":"Les valises de transport de la s\u00e9rie Vault se distinguent par leur robustesse et leur s\u00e9curit\u00e9 sans faille.","breadcrumb":{"@id":"https:\/\/www.antlerarms.com\/en\/produit\/pelican-gun-case-v770\/#breadcrumb"},"inLanguage":"en-US","potentialAction":[{"@type":"ReadAction","target":["https:\/\/www.antlerarms.com\/en\/produit\/pelican-gun-case-v770\/"]}]},{"@type":"BreadcrumbList","@id":"https:\/\/www.antlerarms.com\/en\/produit\/pelican-gun-case-v770\/#breadcrumb","itemListElement":[{"@type":"ListItem","position":1,"name":"Shop","item":"https:\/\/www.antlerarms.com\/en\/shop\/"},{"@type":"ListItem","position":2,"name":"Pelican Gun Case V770"}]}]}},"acf":[],"_links":{"self":[{"href":"https:\/\/www.antlerarms.com\/en\/wp-json\/wp\/v2\/product\/33476"}],"collection":[{"href":"https:\/\/www.antlerarms.com\/en\/wp-json\/wp\/v2\/product"}],"about":[{"href":"https:\/\/www.antlerarms.com\/en\/wp-json\/wp\/v2\/types\/product"}],"replies":[{"embeddable":true,"href":"https:\/\/www.antlerarms.com\/en\/wp-json\/wp\/v2\/comments?post=33476"}],"wp:featuredmedia":[{"embeddable":true,"href":"https:\/\/www.antlerarms.com\/en\/wp-json\/wp\/v2\/media\/33483"}],"wp:attachment":[{"href":"https:\/\/www.antlerarms.com\/en\/wp-json\/wp\/v2\/media?parent=33476"}],"wp:term":[{"taxonomy":"product_cat","embeddable":true,"href":"https:\/\/www.antlerarms.com\/en\/wp-json\/wp\/v2\/product_cat?post=33476"},{"taxonomy":"product_tag","embeddable":true,"href":"https:\/\/www.antlerarms.com\/en\/wp-json\/wp\/v2\/product_tag?post=33476"}],"curies":[{"name":"wp","href":"https:\/\/api.w.org\/{rel}","templated":true}]}}