

{"id":29219,"date":"2024-02-13T16:36:50","date_gmt":"2024-02-13T15:36:50","guid":{"rendered":"https:\/\/www.antlerarms.com\/?post_type=product&#038;p=29219"},"modified":"2024-08-09T04:53:28","modified_gmt":"2024-08-09T02:53:28","slug":"swarovski-z8i-3-5-28x50-4a-i-68407","status":"publish","type":"product","link":"https:\/\/www.antlerarms.com\/en\/produit\/swarovski-z8i-3-5-28x50-4a-i-68407\/","title":{"rendered":"Swarovski Z8i 3.5-28&#215;50 4A-I #68407"},"content":{"rendered":"<p>Rifle Scopes<\/p>\n<p>Z8i 3.5-28&#215;50 P<br \/>\nThe illuminated Z8i 3.5 28&#215;50 P is ideal for accurate sighting-in \u2013 even at long range. Its high-precision long-range optics mean you are perfectly equipped to see so much more.<br \/>\nSwarovski Z8i 3.5-28&#215;50 4A-I #68407<\/p>\n<p><a href=\"https:\/\/www.fieldandstream.com\/hunting\/hunting-scope-too-big\/\" target=\"_blank\" rel=\"noopener\">More informations at Field &amp; Stream:\u00a0 Is Your Hunting Scope Too Big? ?<\/a><br \/>\n<img loading=\"lazy\" class=\"aligncenter wp-image-29206 size-full\" src=\"https:\/\/www.antlerarms.com\/wp-content\/uploads\/2024\/02\/Swarovski-3.5-28x50-1.jpg\" alt=\"\" width=\"400\" height=\"400\" srcset=\"https:\/\/www.antlerarms.com\/wp-content\/uploads\/2024\/02\/Swarovski-3.5-28x50-1.jpg 400w, https:\/\/www.antlerarms.com\/wp-content\/uploads\/2024\/02\/Swarovski-3.5-28x50-1-250x250.jpg 250w, https:\/\/www.antlerarms.com\/wp-content\/uploads\/2024\/02\/Swarovski-3.5-28x50-1-150x150.jpg 150w, https:\/\/www.antlerarms.com\/wp-content\/uploads\/2024\/02\/Swarovski-3.5-28x50-1-120x120.jpg 120w, https:\/\/www.antlerarms.com\/wp-content\/uploads\/2024\/02\/Swarovski-3.5-28x50-1-300x300.jpg 300w, https:\/\/www.antlerarms.com\/wp-content\/uploads\/2024\/02\/Swarovski-3.5-28x50-1-100x100.jpg 100w\" sizes=\"(max-width: 400px) 100vw, 400px\" \/><\/p>\n<p>&nbsp;<\/p>\n<p>&nbsp;<\/p>\n<p>&nbsp;<\/p>\n<p><img loading=\"lazy\" class=\"alignnone size-full wp-image-29291\" src=\"https:\/\/www.antlerarms.com\/wp-content\/uploads\/2024\/02\/photo-swarovski-4ai-1.jpg\" alt=\"\" width=\"417\" height=\"426\" srcset=\"https:\/\/www.antlerarms.com\/wp-content\/uploads\/2024\/02\/photo-swarovski-4ai-1.jpg 417w, https:\/\/www.antlerarms.com\/wp-content\/uploads\/2024\/02\/photo-swarovski-4ai-1-250x255.jpg 250w, https:\/\/www.antlerarms.com\/wp-content\/uploads\/2024\/02\/photo-swarovski-4ai-1-120x123.jpg 120w\" sizes=\"(max-width: 417px) 100vw, 417px\" \/><\/p>\n<p><iframe loading=\"lazy\" title=\"SWAROVSKI OPTIK \u2013 Z8i \u2013 Ultimate Performance. Perfectly Designed.\" width=\"500\" height=\"281\" src=\"https:\/\/www.youtube.com\/embed\/mLjdcsRSDHo?feature=oembed\" frameborder=\"0\" allow=\"accelerometer; autoplay; clipboard-write; encrypted-media; gyroscope; picture-in-picture; web-share\" referrerpolicy=\"strict-origin-when-cross-origin\" allowfullscreen><\/iframe><\/p>\n<p><img loading=\"lazy\" class=\"alignnone size-full wp-image-29209\" src=\"https:\/\/www.antlerarms.com\/wp-content\/uploads\/2024\/02\/K19_Z8i_3_5_seitlich_oS_HRes_RGB_small.webp\" alt=\"\" width=\"1200\" height=\"316\" srcset=\"https:\/\/www.antlerarms.com\/wp-content\/uploads\/2024\/02\/K19_Z8i_3_5_seitlich_oS_HRes_RGB_small.webp 1200w, https:\/\/www.antlerarms.com\/wp-content\/uploads\/2024\/02\/K19_Z8i_3_5_seitlich_oS_HRes_RGB_small-250x66.webp 250w, https:\/\/www.antlerarms.com\/wp-content\/uploads\/2024\/02\/K19_Z8i_3_5_seitlich_oS_HRes_RGB_small-700x184.webp 700w, https:\/\/www.antlerarms.com\/wp-content\/uploads\/2024\/02\/K19_Z8i_3_5_seitlich_oS_HRes_RGB_small-768x202.webp 768w, https:\/\/www.antlerarms.com\/wp-content\/uploads\/2024\/02\/K19_Z8i_3_5_seitlich_oS_HRes_RGB_small-120x32.webp 120w, https:\/\/www.antlerarms.com\/wp-content\/uploads\/2024\/02\/K19_Z8i_3_5_seitlich_oS_HRes_RGB_small-600x158.webp 600w\" sizes=\"(max-width: 1200px) 100vw, 1200px\" \/><img loading=\"lazy\" class=\"alignnone size-full wp-image-29211\" src=\"https:\/\/www.antlerarms.com\/wp-content\/uploads\/2024\/02\/K19_Z8i_3_5_oben_hinten_schraeg_HRes_RGB_small.webp\" alt=\"\" width=\"1200\" height=\"1168\" \/><img loading=\"lazy\" class=\"alignnone size-full wp-image-29213\" src=\"https:\/\/www.antlerarms.com\/wp-content\/uploads\/2024\/02\/K19_Z8i_3_5_von_oben_HRes_RGB_small.webp\" alt=\"\" width=\"1200\" height=\"341\" srcset=\"https:\/\/www.antlerarms.com\/wp-content\/uploads\/2024\/02\/K19_Z8i_3_5_von_oben_HRes_RGB_small.webp 1200w, https:\/\/www.antlerarms.com\/wp-content\/uploads\/2024\/02\/K19_Z8i_3_5_von_oben_HRes_RGB_small-250x71.webp 250w, https:\/\/www.antlerarms.com\/wp-content\/uploads\/2024\/02\/K19_Z8i_3_5_von_oben_HRes_RGB_small-700x199.webp 700w, https:\/\/www.antlerarms.com\/wp-content\/uploads\/2024\/02\/K19_Z8i_3_5_von_oben_HRes_RGB_small-768x218.webp 768w, https:\/\/www.antlerarms.com\/wp-content\/uploads\/2024\/02\/K19_Z8i_3_5_von_oben_HRes_RGB_small-120x34.webp 120w, https:\/\/www.antlerarms.com\/wp-content\/uploads\/2024\/02\/K19_Z8i_3_5_von_oben_HRes_RGB_small-600x171.webp 600w\" sizes=\"(max-width: 1200px) 100vw, 1200px\" \/><\/p>\n","protected":false},"excerpt":{"rendered":"<p>Swarovski 3.5-28&#215;50 4A-I P<\/p>\n","protected":false},"featured_media":29212,"comment_status":"open","ping_status":"closed","template":"","meta":[],"product_cat":[55],"product_tag":[],"yoast_head":"<!-- This site is optimized with the Yoast SEO plugin v18.2 - https:\/\/yoast.com\/wordpress\/plugins\/seo\/ -->\n<meta name=\"description\" content=\"La lunette de vis\u00e9e \u00e9clair\u00e9e Z8i 3,5 28x50 P est id\u00e9ale pour une vis\u00e9e pr\u00e9cise, m\u00eame \u00e0 grande distance. Gr\u00e2ce \u00e0 ses optiques \u00e0 longue port\u00e9e extr\u00eamement pr\u00e9cises, elle vous assure d\u2019\u00eatre parfaitement \u00e9quip\u00e9 pour en voir tellement plus.\" \/>\n<meta name=\"robots\" content=\"index, follow, max-snippet:-1, max-image-preview:large, max-video-preview:-1\" \/>\n<link rel=\"canonical\" href=\"https:\/\/www.antlerarms.com\/en\/produit\/swarovski-z8i-3-5-28x50-4a-i-68407\/\" \/>\n<meta property=\"og:locale\" content=\"en_US\" \/>\n<meta property=\"og:type\" content=\"article\" \/>\n<meta property=\"og:title\" content=\"Swarovski Z8i 3.5-28x50 4A-I #68407 - AntlerArms\" \/>\n<meta property=\"og:description\" content=\"La lunette de vis\u00e9e \u00e9clair\u00e9e Z8i 3,5 28x50 P est id\u00e9ale pour une vis\u00e9e pr\u00e9cise, m\u00eame \u00e0 grande distance. Gr\u00e2ce \u00e0 ses optiques \u00e0 longue port\u00e9e extr\u00eamement pr\u00e9cises, elle vous assure d\u2019\u00eatre parfaitement \u00e9quip\u00e9 pour en voir tellement plus.\" \/>\n<meta property=\"og:url\" content=\"https:\/\/www.antlerarms.com\/en\/produit\/swarovski-z8i-3-5-28x50-4a-i-68407\/\" \/>\n<meta property=\"og:site_name\" content=\"AntlerArms\" \/>\n<meta property=\"article:modified_time\" content=\"2024-08-09T02:53:28+00:00\" \/>\n<meta name=\"twitter:card\" content=\"summary\" \/>\n<meta name=\"twitter:image\" content=\"https:\/\/www.antlerarms.com\/wp-content\/uploads\/2024\/02\/K19_Z8i_3_5_oben_hinten_schraeg_HRes_RGB_small-e1707853834209.webp\" \/>\n<meta name=\"twitter:label1\" content=\"Est. reading time\" \/>\n\t<meta name=\"twitter:data1\" content=\"2 minutes\" \/>\n<script type=\"application\/ld+json\" class=\"yoast-schema-graph\">{\"@context\":\"https:\/\/schema.org\",\"@graph\":[{\"@type\":\"WebSite\",\"@id\":\"https:\/\/www.antlerarms.com\/#website\",\"url\":\"https:\/\/www.antlerarms.com\/\",\"name\":\"AntlerArms\",\"description\":\"\",\"potentialAction\":[{\"@type\":\"SearchAction\",\"target\":{\"@type\":\"EntryPoint\",\"urlTemplate\":\"https:\/\/www.antlerarms.com\/?s={search_term_string}\"},\"query-input\":\"required name=search_term_string\"}],\"inLanguage\":\"en-US\"},{\"@type\":\"ImageObject\",\"@id\":\"https:\/\/www.antlerarms.com\/en\/produit\/swarovski-z8i-3-5-28x50-4a-i-68407\/#primaryimage\",\"inLanguage\":\"en-US\",\"url\":\"https:\/\/www.antlerarms.com\/wp-content\/uploads\/2024\/02\/K19_Z8i_3_5_oben_hinten_schraeg_HRes_RGB_small-e1707853834209.webp\",\"contentUrl\":\"https:\/\/www.antlerarms.com\/wp-content\/uploads\/2024\/02\/K19_Z8i_3_5_oben_hinten_schraeg_HRes_RGB_small-e1707853834209.webp\",\"width\":1200,\"height\":1168},{\"@type\":\"WebPage\",\"@id\":\"https:\/\/www.antlerarms.com\/en\/produit\/swarovski-z8i-3-5-28x50-4a-i-68407\/#webpage\",\"url\":\"https:\/\/www.antlerarms.com\/en\/produit\/swarovski-z8i-3-5-28x50-4a-i-68407\/\",\"name\":\"Swarovski Z8i 3.5-28x50 4A-I #68407 - AntlerArms\",\"isPartOf\":{\"@id\":\"https:\/\/www.antlerarms.com\/#website\"},\"primaryImageOfPage\":{\"@id\":\"https:\/\/www.antlerarms.com\/en\/produit\/swarovski-z8i-3-5-28x50-4a-i-68407\/#primaryimage\"},\"datePublished\":\"2024-02-13T15:36:50+00:00\",\"dateModified\":\"2024-08-09T02:53:28+00:00\",\"description\":\"La lunette de vis\u00e9e \u00e9clair\u00e9e Z8i 3,5 28x50 P est id\u00e9ale pour une vis\u00e9e pr\u00e9cise, m\u00eame \u00e0 grande distance. Gr\u00e2ce \u00e0 ses optiques \u00e0 longue port\u00e9e extr\u00eamement pr\u00e9cises, elle vous assure d\u2019\u00eatre parfaitement \u00e9quip\u00e9 pour en voir tellement plus.\",\"breadcrumb\":{\"@id\":\"https:\/\/www.antlerarms.com\/en\/produit\/swarovski-z8i-3-5-28x50-4a-i-68407\/#breadcrumb\"},\"inLanguage\":\"en-US\",\"potentialAction\":[{\"@type\":\"ReadAction\",\"target\":[\"https:\/\/www.antlerarms.com\/en\/produit\/swarovski-z8i-3-5-28x50-4a-i-68407\/\"]}]},{\"@type\":\"BreadcrumbList\",\"@id\":\"https:\/\/www.antlerarms.com\/en\/produit\/swarovski-z8i-3-5-28x50-4a-i-68407\/#breadcrumb\",\"itemListElement\":[{\"@type\":\"ListItem\",\"position\":1,\"name\":\"Shop\",\"item\":\"https:\/\/www.antlerarms.com\/en\/shop\/\"},{\"@type\":\"ListItem\",\"position\":2,\"name\":\"Swarovski Z8i 3.5-28&#215;50 4A-I #68407\"}]}]}<\/script>\n<!-- \/ Yoast SEO plugin. -->","yoast_head_json":{"description":"La lunette de vis\u00e9e \u00e9clair\u00e9e Z8i 3,5 28x50 P est id\u00e9ale pour une vis\u00e9e pr\u00e9cise, m\u00eame \u00e0 grande distance. Gr\u00e2ce \u00e0 ses optiques \u00e0 longue port\u00e9e extr\u00eamement pr\u00e9cises, elle vous assure d\u2019\u00eatre parfaitement \u00e9quip\u00e9 pour en voir tellement plus.","robots":{"index":"index","follow":"follow","max-snippet":"max-snippet:-1","max-image-preview":"max-image-preview:large","max-video-preview":"max-video-preview:-1"},"canonical":"https:\/\/www.antlerarms.com\/en\/produit\/swarovski-z8i-3-5-28x50-4a-i-68407\/","og_locale":"en_US","og_type":"article","og_title":"Swarovski Z8i 3.5-28x50 4A-I #68407 - AntlerArms","og_description":"La lunette de vis\u00e9e \u00e9clair\u00e9e Z8i 3,5 28x50 P est id\u00e9ale pour une vis\u00e9e pr\u00e9cise, m\u00eame \u00e0 grande distance. Gr\u00e2ce \u00e0 ses optiques \u00e0 longue port\u00e9e extr\u00eamement pr\u00e9cises, elle vous assure d\u2019\u00eatre parfaitement \u00e9quip\u00e9 pour en voir tellement plus.","og_url":"https:\/\/www.antlerarms.com\/en\/produit\/swarovski-z8i-3-5-28x50-4a-i-68407\/","og_site_name":"AntlerArms","article_modified_time":"2024-08-09T02:53:28+00:00","twitter_card":"summary","twitter_image":"https:\/\/www.antlerarms.com\/wp-content\/uploads\/2024\/02\/K19_Z8i_3_5_oben_hinten_schraeg_HRes_RGB_small-e1707853834209.webp","twitter_misc":{"Est. reading time":"2 minutes"},"schema":{"@context":"https:\/\/schema.org","@graph":[{"@type":"WebSite","@id":"https:\/\/www.antlerarms.com\/#website","url":"https:\/\/www.antlerarms.com\/","name":"AntlerArms","description":"","potentialAction":[{"@type":"SearchAction","target":{"@type":"EntryPoint","urlTemplate":"https:\/\/www.antlerarms.com\/?s={search_term_string}"},"query-input":"required name=search_term_string"}],"inLanguage":"en-US"},{"@type":"ImageObject","@id":"https:\/\/www.antlerarms.com\/en\/produit\/swarovski-z8i-3-5-28x50-4a-i-68407\/#primaryimage","inLanguage":"en-US","url":"https:\/\/www.antlerarms.com\/wp-content\/uploads\/2024\/02\/K19_Z8i_3_5_oben_hinten_schraeg_HRes_RGB_small-e1707853834209.webp","contentUrl":"https:\/\/www.antlerarms.com\/wp-content\/uploads\/2024\/02\/K19_Z8i_3_5_oben_hinten_schraeg_HRes_RGB_small-e1707853834209.webp","width":1200,"height":1168},{"@type":"WebPage","@id":"https:\/\/www.antlerarms.com\/en\/produit\/swarovski-z8i-3-5-28x50-4a-i-68407\/#webpage","url":"https:\/\/www.antlerarms.com\/en\/produit\/swarovski-z8i-3-5-28x50-4a-i-68407\/","name":"Swarovski Z8i 3.5-28x50 4A-I #68407 - AntlerArms","isPartOf":{"@id":"https:\/\/www.antlerarms.com\/#website"},"primaryImageOfPage":{"@id":"https:\/\/www.antlerarms.com\/en\/produit\/swarovski-z8i-3-5-28x50-4a-i-68407\/#primaryimage"},"datePublished":"2024-02-13T15:36:50+00:00","dateModified":"2024-08-09T02:53:28+00:00","description":"La lunette de vis\u00e9e \u00e9clair\u00e9e Z8i 3,5 28x50 P est id\u00e9ale pour une vis\u00e9e pr\u00e9cise, m\u00eame \u00e0 grande distance. Gr\u00e2ce \u00e0 ses optiques \u00e0 longue port\u00e9e extr\u00eamement pr\u00e9cises, elle vous assure d\u2019\u00eatre parfaitement \u00e9quip\u00e9 pour en voir tellement plus.","breadcrumb":{"@id":"https:\/\/www.antlerarms.com\/en\/produit\/swarovski-z8i-3-5-28x50-4a-i-68407\/#breadcrumb"},"inLanguage":"en-US","potentialAction":[{"@type":"ReadAction","target":["https:\/\/www.antlerarms.com\/en\/produit\/swarovski-z8i-3-5-28x50-4a-i-68407\/"]}]},{"@type":"BreadcrumbList","@id":"https:\/\/www.antlerarms.com\/en\/produit\/swarovski-z8i-3-5-28x50-4a-i-68407\/#breadcrumb","itemListElement":[{"@type":"ListItem","position":1,"name":"Shop","item":"https:\/\/www.antlerarms.com\/en\/shop\/"},{"@type":"ListItem","position":2,"name":"Swarovski Z8i 3.5-28&#215;50 4A-I #68407"}]}]}},"acf":[],"_links":{"self":[{"href":"https:\/\/www.antlerarms.com\/en\/wp-json\/wp\/v2\/product\/29219"}],"collection":[{"href":"https:\/\/www.antlerarms.com\/en\/wp-json\/wp\/v2\/product"}],"about":[{"href":"https:\/\/www.antlerarms.com\/en\/wp-json\/wp\/v2\/types\/product"}],"replies":[{"embeddable":true,"href":"https:\/\/www.antlerarms.com\/en\/wp-json\/wp\/v2\/comments?post=29219"}],"wp:featuredmedia":[{"embeddable":true,"href":"https:\/\/www.antlerarms.com\/en\/wp-json\/wp\/v2\/media\/29212"}],"wp:attachment":[{"href":"https:\/\/www.antlerarms.com\/en\/wp-json\/wp\/v2\/media?parent=29219"}],"wp:term":[{"taxonomy":"product_cat","embeddable":true,"href":"https:\/\/www.antlerarms.com\/en\/wp-json\/wp\/v2\/product_cat?post=29219"},{"taxonomy":"product_tag","embeddable":true,"href":"https:\/\/www.antlerarms.com\/en\/wp-json\/wp\/v2\/product_tag?post=29219"}],"curies":[{"name":"wp","href":"https:\/\/api.w.org\/{rel}","templated":true}]}}